{"id":8,"date":"2022-03-26T20:18:34","date_gmt":"2022-03-26T20:18:34","guid":{"rendered":"https:\/\/petofi200.com\/?page_id=8"},"modified":"2023-10-09T10:59:37","modified_gmt":"2023-10-09T10:59:37","slug":"petofi-200-emlekmusor-rekasi-karoly","status":"publish","type":"page","link":"https:\/\/petofi200.com\/","title":{"rendered":"Eml\u00e9km\u0171sor a nemzet k\u00f6lt\u0151je, Pet\u0151fi S\u00e1ndor sz\u00fclet\u00e9s\u00e9nek 200. \u00e9vfordul\u00f3ja alkalm\u00e1b\u00f3l"},"content":{"rendered":"\n<p class=\"has-text-align-left\">Az egy \u00f3ra id\u0151tartam\u00fa &#8211; Pet\u0151fi 200 &#8211; el\u0151ad\u00e1s Pet\u0151fi S\u00e1ndor: \u00datirajzok c. napl\u00f3j\u00e1ra t\u00e1maszkodik, ez adja a produkci\u00f3 gerinc\u00e9t. Egy \u00e9vnyi orsz\u00e1gj\u00e1r\u00e1s, beles\u0171r\u00edtve egy \u00f3r\u00e1ba, \u00e9l\u0151zen\u00e9s k\u00eds\u00e9rettel.<\/p>\n\n\n\n<p>Leveleit bar\u00e1tj\u00e1hoz, Ker\u00e9nyi Frigyeshez \u00edrta, \u00e1m azokat soha nem k\u00fcldte el a c\u00edmzettnek, \u00edgy v\u00e1ltak ezek &#8220;fikt\u00edv&#8221; \u00edr\u00e1sokk\u00e1. A levelek k\u00f6zben elhangz\u00f3 versek pedig ak\u00e1r ismer\u0151sek is lehetnek a hallgat\u00f3s\u00e1g sz\u00e1m\u00e1ra, hiszen \u00e9let\u00fcnk sor\u00e1n sz\u00e1mtalanszor tal\u00e1lkozhatunk a kiv\u00e1l\u00f3 k\u00f6lt\u0151nk gondolataival.<\/p>\n\n\n\n<div style=\"height:55px\" aria-hidden=\"true\" class=\"wp-block-spacer\"><\/div>\n\n\n\n<div class=\"wp-block-group alignfull has-background\" style=\"background-color:#e5e9ec\"><div class=\"wp-block-group__inner-container is-layout-flow wp-block-group-is-layout-flow\">\n<div class=\"wp-block-columns is-layout-flex wp-container-core-columns-is-layout-9d6595d7 wp-block-columns-is-layout-flex\">\n<div class=\"wp-block-column is-vertically-aligned-center is-layout-flow wp-block-column-is-layout-flow\">\n<h2 class=\"wp-block-heading\">Az El\u0151ad\u00e1s<\/h2>\n\n\n\n<p>A Pet\u0151fi 200 eml\u00e9km\u0171sor, melynek \u00f6ssze\u00e1ll\u00edt\u00e1sakor fontosnak tartottam, hogy ne a m\u00e1r t\u00f6bbsz\u00f6r el\u00e9nk t\u00e1rt forradalmi \u00e9letutat mutassuk be ism\u00e9t, hanem egy sokaknak \u00fajat ad\u00f3 tartalmat k\u00edn\u00e1ljak az eml\u00e9kez\u0151knek; Feleleven\u00edtj\u00fck az \u00e1ltal\u00e1nos iskol\u00e1s korunkt\u00f3l magunkkal hozott ismeretanyagot is. <\/p>\n<\/div>\n\n\n\n<div class=\"wp-block-column is-layout-flow wp-block-column-is-layout-flow\">\n<div style=\"height:48px\" aria-hidden=\"true\" class=\"wp-block-spacer\"><\/div>\n\n\n\n<figure class=\"wp-block-embed is-type-video is-provider-youtube wp-block-embed-youtube wp-embed-aspect-16-9 wp-has-aspect-ratio\"><div class=\"wp-block-embed__wrapper\">\n<iframe title=\"Pet\u0151fi 200 - Hotel Silvanus El\u0151ad\u00e1s\" width=\"950\" height=\"534\" src=\"https:\/\/www.youtube.com\/embed\/XGD-TTd1xQY?feature=oembed\" frameborder=\"0\" allow=\"accelerometer; autoplay; clipboard-write; encrypted-media; gyroscope; picture-in-picture; web-share\" allowfullscreen><\/iframe>\n<\/div><\/figure>\n<\/div>\n<\/div>\n<\/div><\/div>\n\n\n\n<div class=\"wp-block-group alignfull\"><div class=\"wp-block-group__inner-container is-layout-flow wp-block-group-is-layout-flow\">\n<div class=\"wp-block-columns are-vertically-aligned-center is-layout-flex wp-container-core-columns-is-layout-9d6595d7 wp-block-columns-is-layout-flex\">\n<div class=\"wp-block-column is-vertically-aligned-center is-layout-flow wp-block-column-is-layout-flow\">\n<div style=\"height:48px\" aria-hidden=\"true\" class=\"wp-block-spacer\"><\/div>\n\n\n\n<figure class=\"wp-block-image size-full\"><img fetchpriority=\"high\" decoding=\"async\" width=\"581\" height=\"468\" src=\"https:\/\/petofi200.com\/wp-content\/uploads\/2022\/03\/23cbce64087a70b4173ce2e737cef923_c3601a8c-175a-4f18-861b-dbcd0de0eb3a_1-1.png\" alt=\"\" class=\"wp-image-32\" srcset=\"https:\/\/petofi200.com\/wp-content\/uploads\/2022\/03\/23cbce64087a70b4173ce2e737cef923_c3601a8c-175a-4f18-861b-dbcd0de0eb3a_1-1.png 581w, https:\/\/petofi200.com\/wp-content\/uploads\/2022\/03\/23cbce64087a70b4173ce2e737cef923_c3601a8c-175a-4f18-861b-dbcd0de0eb3a_1-1-300x242.png 300w\" sizes=\"(max-width: 581px) 100vw, 581px\" \/><\/figure>\n<\/div>\n\n\n\n<div class=\"wp-block-column is-vertically-aligned-center is-layout-flow wp-block-column-is-layout-flow\">\n<h2 class=\"wp-block-heading\">K\u00f6zrem\u0171k\u00f6d\u0151inkr\u0151l<\/h2>\n\n\n\n<p>Az el\u0151ad\u00e1s szerves r\u00e9sze a t\u00f6rt\u00e9netet al\u00e1t\u00e1maszt\u00f3, az adott helynek a hangulat\u00e1t id\u00e9z\u0151 audio-vizu\u00e1lis bet\u00e9tek, valamint a Zeneakad\u00e9mi\u00e1n diplom\u00e1zott Somlai Val\u00e9ria zongoram\u0171v\u00e9szn\u0151 \u00e9l\u0151 zongoraj\u00e1t\u00e9ka is.<\/p>\n\n\n\n<div class=\"wp-block-buttons is-layout-flex wp-block-buttons-is-layout-flex\"><\/div>\n<\/div>\n<\/div>\n<\/div><\/div>\n\n\n\n<div class=\"wp-block-group alignfull has-black-background-color has-background\"><div class=\"wp-block-group__inner-container is-layout-flow wp-block-group-is-layout-flow\">\n<h2 class=\"has-text-align-center has-white-color has-text-color wp-block-heading\"><strong>PET\u0150FI 200<\/strong> EML\u00c9KM\u0170SOR<\/h2>\n\n\n\n<figure class=\"wp-block-embed is-type-video is-provider-youtube wp-block-embed-youtube wp-embed-aspect-16-9 wp-has-aspect-ratio\"><div class=\"wp-block-embed__wrapper\">\n<iframe title=\"Pet\u0151fi 200 - Szabads\u00e1g, Szerelem\" width=\"950\" height=\"534\" src=\"https:\/\/www.youtube.com\/embed\/GYLxvTV9yRE?feature=oembed\" frameborder=\"0\" allow=\"accelerometer; autoplay; clipboard-write; encrypted-media; gyroscope; picture-in-picture; web-share\" allowfullscreen><\/iframe>\n<\/div><\/figure>\n<\/div><\/div>\n\n\n\n<div class=\"wp-block-cover alignfull is-light has-parallax is-position-center-center\" style=\"background-image:url(https:\/\/petofi200.com\/wp-content\/uploads\/2022\/03\/petofi-1000x667-1.jpg);min-height:375px;aspect-ratio:unset;\"><span aria-hidden=\"true\" class=\"has-black-background-color has-background-dim-40 wp-block-cover__gradient-background has-background-dim\"><\/span><div class=\"wp-block-cover__inner-container is-layout-flow wp-block-cover-is-layout-flow\">\n<p class=\"has-text-align-center has-text-color has-huge-font-size\" style=\"color:#fffffa;line-height:1.1\"><strong><em>&#8220;A TARTALOM A MEGHAT\u00c1ROZ\u00d3 VEZ\u00c9RFONAL&#8221;<\/em><\/strong><\/p>\n\n\n\n<div class=\"wp-block-buttons alignwide is-layout-flex wp-block-buttons-is-layout-flex\"><\/div>\n\n\n\n<div style=\"height:39px\" aria-hidden=\"true\" class=\"wp-block-spacer\"><\/div>\n\n\n\n<div class=\"wp-block-buttons is-horizontal is-content-justification-center is-layout-flex wp-container-core-buttons-is-layout-499968f5 wp-block-buttons-is-layout-flex\">\n<div class=\"wp-block-button is-style-outline is-style-outline--1\"><a class=\"wp-block-button__link has-white-color has-text-color\" href=\"mailto: info@petofi200.com\">\u00cdRjon nek\u00fcnk!<\/a><\/div>\n<\/div>\n<\/div><\/div>\n","protected":false},"excerpt":{"rendered":"<p>Az egy \u00f3ra id\u0151tartam\u00fa &#8211; Pet\u0151fi 200 &#8211; el\u0151ad\u00e1s Pet\u0151fi S\u00e1ndor: \u00datirajzok c. napl\u00f3j\u00e1ra t\u00e1maszkodik, ez adja a produkci\u00f3 gerinc\u00e9t. Egy \u00e9vnyi orsz\u00e1gj\u00e1r\u00e1s, beles\u0171r\u00edtve egy \u00f3r\u00e1ba, \u00e9l\u0151zen\u00e9s k\u00eds\u00e9rettel. Leveleit bar\u00e1tj\u00e1hoz, Ker\u00e9nyi Frigyeshez \u00edrta, \u00e1m azokat soha nem k\u00fcldte el a c\u00edmzettnek, \u00edgy v\u00e1ltak ezek &#8220;fikt\u00edv&#8221; \u00edr\u00e1sokk\u00e1. A levelek k\u00f6zben elhangz\u00f3 versek pedig ak\u00e1r ismer\u0151sek is &hellip; <\/p>\n<p class=\"link-more\"><a href=\"https:\/\/petofi200.com\/\" class=\"more-link\">Read more<span class=\"screen-reader-text\"> &#8220;Eml\u00e9km\u0171sor a nemzet k\u00f6lt\u0151je, Pet\u0151fi S\u00e1ndor sz\u00fclet\u00e9s\u00e9nek 200. \u00e9vfordul\u00f3ja alkalm\u00e1b\u00f3l&#8221;<\/span><\/a><\/p>\n","protected":false},"author":1,"featured_media":46,"parent":0,"menu_order":0,"comment_status":"closed","ping_status":"closed","template":"","meta":{"om_disable_all_campaigns":false,"_monsterinsights_skip_tracking":false,"_monsterinsights_sitenote_active":false,"_monsterinsights_sitenote_note":"","_monsterinsights_sitenote_category":0,"footnotes":""},"class_list":["post-8","page","type-page","status-publish","has-post-thumbnail","hentry"],"aioseo_notices":[],"_links":{"self":[{"href":"https:\/\/petofi200.com\/index.php\/wp-json\/wp\/v2\/pages\/8","targetHints":{"allow":["GET"]}}],"collection":[{"href":"https:\/\/petofi200.com\/index.php\/wp-json\/wp\/v2\/pages"}],"about":[{"href":"https:\/\/petofi200.com\/index.php\/wp-json\/wp\/v2\/types\/page"}],"author":[{"embeddable":true,"href":"https:\/\/petofi200.com\/index.php\/wp-json\/wp\/v2\/users\/1"}],"replies":[{"embeddable":true,"href":"https:\/\/petofi200.com\/index.php\/wp-json\/wp\/v2\/comments?post=8"}],"version-history":[{"count":14,"href":"https:\/\/petofi200.com\/index.php\/wp-json\/wp\/v2\/pages\/8\/revisions"}],"predecessor-version":[{"id":70,"href":"https:\/\/petofi200.com\/index.php\/wp-json\/wp\/v2\/pages\/8\/revisions\/70"}],"wp:featuredmedia":[{"embeddable":true,"href":"https:\/\/petofi200.com\/index.php\/wp-json\/wp\/v2\/media\/46"}],"wp:attachment":[{"href":"https:\/\/petofi200.com\/index.php\/wp-json\/wp\/v2\/media?parent=8"}],"curies":[{"name":"wp","href":"https:\/\/api.w.org\/{rel}","templated":true}]}}